{"id":5,"date":"2019-02-13T11:49:19","date_gmt":"2019-02-13T10:49:19","guid":{"rendered":"http:\/\/hengstmanns.de\/WP\/?page_id=5"},"modified":"2026-03-24T21:13:34","modified_gmt":"2026-03-24T20:13:34","slug":"start","status":"publish","type":"page","link":"https:\/\/hengstmanns.de\/WP\/","title":{"rendered":"Herzlich willkommen &#8222;&#8230;nach Hengstmanns&#8220;"},"content":{"rendered":"\n<p class=\"has-text-align-center has-text-color\" style=\"color:#006600;font-size:18px\"><strong>dem Magdeburger Familienkabarett der Familie Hengstmann<\/strong><\/p>\n\n\n\n<p>Liebe KabarettZuschauende!<\/p>\n\n\n\n<p>Sch\u00f6n, dass sie unsere Heimseite gefunden haben. Hier erfahren sie alles Dankes- und Wissenswerte \u00fcber das Familien Kabarett am Breiten Weg in Magdeburg. <\/p>\n\n\n\n<p>St\u00f6bern, staunen und statuieren sie auf unseren einzelnen Seiten und lernen sie die Ein- und Vielf\u00e4ltigkeit der Hengstmanns kennen.<\/p>\n\n\n<div class=\"wp-block-image\">\n<figure class=\"aligncenter size-full is-resized\"><img loading=\"lazy\" decoding=\"async\" width=\"2480\" height=\"2480\" src=\"https:\/\/hengstmanns.de\/WP\/wp-content\/uploads\/2026\/03\/Grafik-Sommertheater-2026.jpg\" alt=\"\" class=\"wp-image-2860\" style=\"width:800px;height:auto\" srcset=\"https:\/\/hengstmanns.de\/WP\/wp-content\/uploads\/2026\/03\/Grafik-Sommertheater-2026.jpg 2480w, https:\/\/hengstmanns.de\/WP\/wp-content\/uploads\/2026\/03\/Grafik-Sommertheater-2026-300x300.jpg 300w, https:\/\/hengstmanns.de\/WP\/wp-content\/uploads\/2026\/03\/Grafik-Sommertheater-2026-1024x1024.jpg 1024w, https:\/\/hengstmanns.de\/WP\/wp-content\/uploads\/2026\/03\/Grafik-Sommertheater-2026-150x150.jpg 150w, https:\/\/hengstmanns.de\/WP\/wp-content\/uploads\/2026\/03\/Grafik-Sommertheater-2026-768x768.jpg 768w, https:\/\/hengstmanns.de\/WP\/wp-content\/uploads\/2026\/03\/Grafik-Sommertheater-2026-1536x1536.jpg 1536w, https:\/\/hengstmanns.de\/WP\/wp-content\/uploads\/2026\/03\/Grafik-Sommertheater-2026-2048x2048.jpg 2048w, https:\/\/hengstmanns.de\/WP\/wp-content\/uploads\/2026\/03\/Grafik-Sommertheater-2026-225x225.jpg 225w\" sizes=\"auto, (max-width: 2480px) 100vw, 2480px\" \/><\/figure>\n<\/div>\n\n\n<p class=\"has-medium-font-size\">Der Sommer wird hei\u00df! Wir sind wieder im Technikmuseum und suchen:<\/p>\n\n\n\n<p class=\"has-text-align-center has-medium-font-size\"><strong>Ab 11. Juni 2026<\/strong><\/p>\n","protected":false},"excerpt":{"rendered":"<p>dem Magdeburger Familienkabarett der Familie Hengstmann Liebe KabarettZuschauende! Sch\u00f6n, dass sie unsere Heimseite gefunden haben. Hier erfahren sie alles Dankes- und Wissenswerte \u00fcber das Familien Kabarett am Breiten Weg in Magdeburg. St\u00f6bern, staunen und statuieren sie auf unseren einzelnen Seiten und lernen sie die Ein- und Vielf\u00e4ltigkeit der Hengstmanns kennen. Der Sommer wird hei\u00df! Wir &hellip;<br \/><a href=\"https:\/\/hengstmanns.de\/WP\/\" class=\"more-link pen_button pen_element_default pen_icon_arrow_double\">Continue reading <span class=\"screen-reader-text\">Herzlich willkommen &#8222;&#8230;nach Hengstmanns&#8220;<\/span><\/a><\/p>\n","protected":false},"author":1,"featured_media":602,"parent":0,"menu_order":0,"comment_status":"closed","ping_status":"closed","template":"","meta":{"footnotes":""},"class_list":["post-5","page","type-page","status-publish","has-post-thumbnail","hentry"],"publishpress_future_action":{"enabled":false,"date":"2026-04-21 12:33:56","action":"change-status","newStatus":"draft","terms":[],"taxonomy":"","extraData":[]},"publishpress_future_workflow_manual_trigger":{"enabledWorkflows":[]},"_links":{"self":[{"href":"https:\/\/hengstmanns.de\/WP\/wp-json\/wp\/v2\/pages\/5","targetHints":{"allow":["GET"]}}],"collection":[{"href":"https:\/\/hengstmanns.de\/WP\/wp-json\/wp\/v2\/pages"}],"about":[{"href":"https:\/\/hengstmanns.de\/WP\/wp-json\/wp\/v2\/types\/page"}],"author":[{"embeddable":true,"href":"https:\/\/hengstmanns.de\/WP\/wp-json\/wp\/v2\/users\/1"}],"replies":[{"embeddable":true,"href":"https:\/\/hengstmanns.de\/WP\/wp-json\/wp\/v2\/comments?post=5"}],"version-history":[{"count":194,"href":"https:\/\/hengstmanns.de\/WP\/wp-json\/wp\/v2\/pages\/5\/revisions"}],"predecessor-version":[{"id":2862,"href":"https:\/\/hengstmanns.de\/WP\/wp-json\/wp\/v2\/pages\/5\/revisions\/2862"}],"wp:featuredmedia":[{"embeddable":true,"href":"https:\/\/hengstmanns.de\/WP\/wp-json\/wp\/v2\/media\/602"}],"wp:attachment":[{"href":"https:\/\/hengstmanns.de\/WP\/wp-json\/wp\/v2\/media?parent=5"}],"curies":[{"name":"wp","href":"https:\/\/api.w.org\/{rel}","templated":true}]}}