{"id":2676,"date":"2025-07-17T14:55:03","date_gmt":"2025-07-17T12:55:03","guid":{"rendered":"https:\/\/hengstmanns.de\/WP\/?page_id=2676"},"modified":"2025-07-17T15:27:26","modified_gmt":"2025-07-17T13:27:26","slug":"heiko-herfurth","status":"publish","type":"page","link":"https:\/\/hengstmanns.de\/WP\/heiko-herfurth\/","title":{"rendered":"Heiko Herfurth"},"content":{"rendered":"\n<p>Gesehen, geliebt, gekauft.<\/p>\n\n\n\n<p>Der werdende Gang:<\/p>\n\n\n\n<p>1981 Deb\u00fct! Theater f\u00fcr junge Zuschauer (heute Schauspielhaus) Blumenkind bei der Jugendweihe<br>1989 &#8211; 2001 Kleindarsteller am Theater der Landeshauptstadt Magdeburg div. Rollen<br>1996 &#8211; 2001 Theaterjugendklub des TdL (u.a. Die Fabrik, Fr\u00fchlingserwachen, Comedia dell&#8217;Arte, Crystal Palace) div. Rollen<\/p>\n\n\n\n<p>Seit 1997 div. Voiceover f\u00fcr Dokumentationen und Industriefilme<br>2000 Blumen l\u00fcgen nicht (Produktion, Drehbuch, Rolle William T. Bryce) Kino\/mdr<br>2001 Studio 6 Buch\/div. Rollen Kabarett Die Kugelblitze<br>Seit 2001 Ruf mich an\/Ruf jetzt an Moderation OK Magdeburg<br>2004 Heinz &amp; Eberhard &#8211; Auf der Suche nach dem goldenen Ei (Regie, Drehbuch, Rolle Eberhard) mdf1<\/p>\n\n\n\n<p>Seit 2010 Kaiser-Otto-Fest (Rolle Johann Tetzel)<\/p>\n\n\n\n<p>2018 Prinz in Dornr\u00f6schen Schaub\u00fchne Magdeburg<\/p>\n\n\n\n<p>2018 Glorious (St. Clair Bayfield) Sxhaub\u00fchne Magdeburg<br>seit 2018 Hengstmanns<\/p>\n\n\n\n<p>dazwischen diverse Engagements in freien Gruppen<\/p>\n\n\n\n<p><\/p>\n","protected":false},"excerpt":{"rendered":"<p>Gesehen, geliebt, gekauft. Der werdende Gang: 1981 Deb\u00fct! Theater f\u00fcr junge Zuschauer (heute Schauspielhaus) Blumenkind bei der Jugendweihe1989 &#8211; 2001 Kleindarsteller am Theater der Landeshauptstadt Magdeburg div. Rollen1996 &#8211; 2001 Theaterjugendklub des TdL (u.a. Die Fabrik, Fr\u00fchlingserwachen, Comedia dell&#8217;Arte, Crystal Palace) div. Rollen Seit 1997 div. Voiceover f\u00fcr Dokumentationen und Industriefilme2000 Blumen l\u00fcgen nicht (Produktion, &hellip;<br \/><a href=\"https:\/\/hengstmanns.de\/WP\/heiko-herfurth\/\" class=\"more-link pen_button pen_element_default pen_icon_arrow_double\">Continue reading <span class=\"screen-reader-text\">Heiko Herfurth<\/span><\/a><\/p>\n","protected":false},"author":1,"featured_media":2679,"parent":0,"menu_order":0,"comment_status":"closed","ping_status":"closed","template":"","meta":{"footnotes":""},"class_list":["post-2676","page","type-page","status-publish","has-post-thumbnail","hentry"],"publishpress_future_action":{"enabled":false,"date":"2026-05-07 07:34:54","action":"change-status","newStatus":"draft","terms":[],"taxonomy":"","extraData":[]},"publishpress_future_workflow_manual_trigger":{"enabledWorkflows":[]},"_links":{"self":[{"href":"https:\/\/hengstmanns.de\/WP\/wp-json\/wp\/v2\/pages\/2676","targetHints":{"allow":["GET"]}}],"collection":[{"href":"https:\/\/hengstmanns.de\/WP\/wp-json\/wp\/v2\/pages"}],"about":[{"href":"https:\/\/hengstmanns.de\/WP\/wp-json\/wp\/v2\/types\/page"}],"author":[{"embeddable":true,"href":"https:\/\/hengstmanns.de\/WP\/wp-json\/wp\/v2\/users\/1"}],"replies":[{"embeddable":true,"href":"https:\/\/hengstmanns.de\/WP\/wp-json\/wp\/v2\/comments?post=2676"}],"version-history":[{"count":2,"href":"https:\/\/hengstmanns.de\/WP\/wp-json\/wp\/v2\/pages\/2676\/revisions"}],"predecessor-version":[{"id":2687,"href":"https:\/\/hengstmanns.de\/WP\/wp-json\/wp\/v2\/pages\/2676\/revisions\/2687"}],"wp:featuredmedia":[{"embeddable":true,"href":"https:\/\/hengstmanns.de\/WP\/wp-json\/wp\/v2\/media\/2679"}],"wp:attachment":[{"href":"https:\/\/hengstmanns.de\/WP\/wp-json\/wp\/v2\/media?parent=2676"}],"curies":[{"name":"wp","href":"https:\/\/api.w.org\/{rel}","templated":true}]}}