{"id":204,"date":"2020-01-08T14:31:46","date_gmt":"2020-01-08T13:31:46","guid":{"rendered":"http:\/\/hengstmanns.de\/WP\/?page_id=204"},"modified":"2022-11-22T19:07:47","modified_gmt":"2022-11-22T18:07:47","slug":"programme","status":"publish","type":"page","link":"https:\/\/hengstmanns.de\/WP\/programme\/","title":{"rendered":"Programme"},"content":{"rendered":"\n<p>Seit November 2008 spielen wir die unterschiedlichsten Programme f\u00fcr Sie. Ob in der klassischen 3er- Konstellation &#8211; der Vater und die S\u00f6hne &#8211; oder nur die Br\u00fcder oder nur die Solo-Programme oder tats\u00e4chlich mit guten Freunden. Mindestens ein Hengstmann steht bei den Hausproduktionen immer mit auf der B\u00fchne. Zum Totlachen.<\/p>\n","protected":false},"excerpt":{"rendered":"<p>Seit November 2008 spielen wir die unterschiedlichsten Programme f\u00fcr Sie. Ob in der klassischen 3er- Konstellation &#8211; der Vater und die S\u00f6hne &#8211; oder nur die Br\u00fcder oder nur die Solo-Programme oder tats\u00e4chlich mit guten Freunden. Mindestens ein Hengstmann steht bei den Hausproduktionen immer mit auf der B\u00fchne. Zum Totlachen.<\/p>\n","protected":false},"author":1,"featured_media":1488,"parent":0,"menu_order":0,"comment_status":"closed","ping_status":"closed","template":"","meta":{"footnotes":""},"class_list":["post-204","page","type-page","status-publish","has-post-thumbnail","hentry"],"publishpress_future_action":{"enabled":false,"date":"2026-04-26 10:38:21","action":"change-status","newStatus":"draft","terms":[],"taxonomy":"","extraData":[]},"publishpress_future_workflow_manual_trigger":{"enabledWorkflows":[]},"_links":{"self":[{"href":"https:\/\/hengstmanns.de\/WP\/wp-json\/wp\/v2\/pages\/204","targetHints":{"allow":["GET"]}}],"collection":[{"href":"https:\/\/hengstmanns.de\/WP\/wp-json\/wp\/v2\/pages"}],"about":[{"href":"https:\/\/hengstmanns.de\/WP\/wp-json\/wp\/v2\/types\/page"}],"author":[{"embeddable":true,"href":"https:\/\/hengstmanns.de\/WP\/wp-json\/wp\/v2\/users\/1"}],"replies":[{"embeddable":true,"href":"https:\/\/hengstmanns.de\/WP\/wp-json\/wp\/v2\/comments?post=204"}],"version-history":[{"count":3,"href":"https:\/\/hengstmanns.de\/WP\/wp-json\/wp\/v2\/pages\/204\/revisions"}],"predecessor-version":[{"id":825,"href":"https:\/\/hengstmanns.de\/WP\/wp-json\/wp\/v2\/pages\/204\/revisions\/825"}],"wp:featuredmedia":[{"embeddable":true,"href":"https:\/\/hengstmanns.de\/WP\/wp-json\/wp\/v2\/media\/1488"}],"wp:attachment":[{"href":"https:\/\/hengstmanns.de\/WP\/wp-json\/wp\/v2\/media?parent=204"}],"curies":[{"name":"wp","href":"https:\/\/api.w.org\/{rel}","templated":true}]}}