{"id":191,"date":"2020-01-08T14:03:36","date_gmt":"2020-01-08T13:03:36","guid":{"rendered":"http:\/\/hengstmanns.de\/WP\/?page_id=191"},"modified":"2024-07-17T10:50:31","modified_gmt":"2024-07-17T08:50:31","slug":"hengstmanns-zeigens-ihnen","status":"publish","type":"page","link":"https:\/\/hengstmanns.de\/WP\/hengstmanns-zeigens-ihnen\/","title":{"rendered":"Hengstmanns zeigen&#8217;s Ihnen"},"content":{"rendered":"\n<p><strong>Die Gastspielreihe im Kabarett &#8220; &#8230;nach Hengstmanns&#8220;<\/strong><\/p>\n\n\n\n<p>Die Welt ist voller Kleinkunst. Nicht nur in Magdeburg. Und die Hengstmanns sind auch nicht nur in Magdeburg. Und so bleibt es nicht aus, dass sie auf ihren \u201eAu\u00dfer-Haus-Tourneen\u201c innerhalb ganz Deutschlands immer wieder auf Kollegen treffen. Hengstmanns: \u201eOft sind das gute Kollegen, die wir m\u00f6gen und sch\u00e4tzen und die wir Ihnen unbedingt vorstellen m\u00f6chten. Und das machen wir jetzt auch. So werden wir  Kabarettisten und Kleink\u00fcnstler nach Magdeburg holen, um sie unseren Zuschauern zu pr\u00e4sentieren. <br>Und dass diese gesehen werden m\u00fcssen, davon haben wir uns immer \u00fcberzeugt. Darum werden wir auch immer dabei sein, wenn die Guten unser Klein-Kunst-Brett\u2019l am Breiten Weg (un)sicher machen. Schlie\u00dflich wollen auch wir sie nicht verpassen.<\/p>\n\n\n\n<figure class=\"wp-block-image size-large is-resized\"><img loading=\"lazy\" decoding=\"async\" width=\"532\" height=\"120\" src=\"https:\/\/hengstmanns.de\/WP\/wp-content\/uploads\/2020\/02\/montagsmusiken-1.jpg\" alt=\"\" class=\"wp-image-625\" style=\"width:265px;height:60px\" srcset=\"https:\/\/hengstmanns.de\/WP\/wp-content\/uploads\/2020\/02\/montagsmusiken-1.jpg 532w, https:\/\/hengstmanns.de\/WP\/wp-content\/uploads\/2020\/02\/montagsmusiken-1-300x68.jpg 300w\" sizes=\"auto, (max-width: 532px) 100vw, 532px\" \/><\/figure>\n\n\n\n<p>In einer besonders intimen Atmosph\u00e4re gibt es bei den Montagsmusiken in loser Reihenfolge musikalische Erlebnisse ganz eigener Art im &#8222;&#8230;nach Hengstmanns&#8220; zu erleben. Den Konzerten sind stilistisch und k\u00fcnstlerisch keine Grenzen gesetzt, daf\u00fcr gewinnen sie durch die Theateratmosph\u00e4re eine Direktheit und erlauben es dem Publikum, sich ganz auf die Musik zu fokussieren und auf sie einzulassen.&nbsp;<\/p>\n\n\n\n<p>Dazu gibt es zu den St\u00fccken immer auch Interessantes zu erfahren: Pers\u00f6nliche Erfahrungen der K\u00fcnstler, Anekdoten und Wissenswertes flie\u00dfen immer wieder ein und lassen schmunzeln oder verwundert aufmerken. <br><\/p>\n","protected":false},"excerpt":{"rendered":"<p>Die Gastspielreihe im Kabarett &#8220; &#8230;nach Hengstmanns&#8220; Die Welt ist voller Kleinkunst. Nicht nur in Magdeburg. Und die Hengstmanns sind auch nicht nur in Magdeburg. Und so bleibt es nicht aus, dass sie auf ihren \u201eAu\u00dfer-Haus-Tourneen\u201c innerhalb ganz Deutschlands immer wieder auf Kollegen treffen. Hengstmanns: \u201eOft sind das gute Kollegen, die wir m\u00f6gen und sch\u00e4tzen &hellip;<br \/><a href=\"https:\/\/hengstmanns.de\/WP\/hengstmanns-zeigens-ihnen\/\" class=\"more-link pen_button pen_element_default pen_icon_arrow_double\">Continue reading <span class=\"screen-reader-text\">Hengstmanns zeigen&#8217;s Ihnen<\/span><\/a><\/p>\n","protected":false},"author":1,"featured_media":624,"parent":0,"menu_order":0,"comment_status":"closed","ping_status":"closed","template":"","meta":{"footnotes":""},"class_list":["post-191","page","type-page","status-publish","has-post-thumbnail","hentry"],"publishpress_future_action":{"enabled":false,"date":"2026-04-26 10:29:02","action":"change-status","newStatus":"draft","terms":[],"taxonomy":"","extraData":[]},"publishpress_future_workflow_manual_trigger":{"enabledWorkflows":[]},"_links":{"self":[{"href":"https:\/\/hengstmanns.de\/WP\/wp-json\/wp\/v2\/pages\/191","targetHints":{"allow":["GET"]}}],"collection":[{"href":"https:\/\/hengstmanns.de\/WP\/wp-json\/wp\/v2\/pages"}],"about":[{"href":"https:\/\/hengstmanns.de\/WP\/wp-json\/wp\/v2\/types\/page"}],"author":[{"embeddable":true,"href":"https:\/\/hengstmanns.de\/WP\/wp-json\/wp\/v2\/users\/1"}],"replies":[{"embeddable":true,"href":"https:\/\/hengstmanns.de\/WP\/wp-json\/wp\/v2\/comments?post=191"}],"version-history":[{"count":4,"href":"https:\/\/hengstmanns.de\/WP\/wp-json\/wp\/v2\/pages\/191\/revisions"}],"predecessor-version":[{"id":2366,"href":"https:\/\/hengstmanns.de\/WP\/wp-json\/wp\/v2\/pages\/191\/revisions\/2366"}],"wp:featuredmedia":[{"embeddable":true,"href":"https:\/\/hengstmanns.de\/WP\/wp-json\/wp\/v2\/media\/624"}],"wp:attachment":[{"href":"https:\/\/hengstmanns.de\/WP\/wp-json\/wp\/v2\/media?parent=191"}],"curies":[{"name":"wp","href":"https:\/\/api.w.org\/{rel}","templated":true}]}}